{"id":138,"date":"2024-09-11T18:14:54","date_gmt":"2024-09-11T18:14:54","guid":{"rendered":"https:\/\/p7.miexpertodigital1.eu\/?page_id=138"},"modified":"2025-10-29T07:12:56","modified_gmt":"2025-10-29T06:12:56","slug":"politica-de-privacidad","status":"publish","type":"page","link":"https:\/\/classicscatalans.com\/es\/politica-de-privacidad\/","title":{"rendered":"Pol\u00edtica de privacidad"},"content":{"rendered":"\t\t<div data-elementor-type=\"wp-page\" data-elementor-id=\"138\" class=\"elementor elementor-138\" data-elementor-post-type=\"page\">\n\t\t\t\t<div class=\"elementor-element elementor-element-206cbc6 e-flex e-con-boxed e-con e-parent\" data-id=\"206cbc6\" data-element_type=\"container\" data-e-type=\"container\" data-settings=\"{&quot;background_background&quot;:&quot;classic&quot;}\">\n\t\t\t\t\t<div class=\"e-con-inner\">\n\t\t\t\t<div class=\"elementor-element elementor-element-df6f60f elementor-widget elementor-widget-heading\" data-id=\"df6f60f\" data-element_type=\"widget\" data-e-type=\"widget\" data-widget_type=\"heading.default\">\n\t\t\t\t<div class=\"elementor-widget-container\">\n\t\t\t\t\t<h1 class=\"elementor-heading-title elementor-size-default\">Pol\u00edticas de privacidad<\/h1>\t\t\t\t<\/div>\n\t\t\t\t<\/div>\n\t\t\t\t\t<\/div>\n\t\t\t\t<\/div>\n\t\t<div class=\"elementor-element elementor-element-3a53d5f e-flex e-con-boxed e-con e-parent\" data-id=\"3a53d5f\" data-element_type=\"container\" data-e-type=\"container\">\n\t\t\t\t\t<div class=\"e-con-inner\">\n\t\t<div class=\"elementor-element elementor-element-aab401a e-con-full e-flex e-con e-child\" data-id=\"aab401a\" data-element_type=\"container\" data-e-type=\"container\">\n\t\t\t\t<div class=\"elementor-element elementor-element-bae4bfd elementor-widget elementor-widget-text-editor\" data-id=\"bae4bfd\" data-element_type=\"widget\" data-e-type=\"widget\" data-widget_type=\"text-editor.default\">\n\t\t\t\t<div class=\"elementor-widget-container\">\n\t\t\t\t\t\t\t\t\t<h4><strong>Pol\u00edtica de privacidad<\/strong><\/h4>\n<p>En este documento te informamos de los motivos por los que recogemos tus datos personales, qu\u00e9 hacemos con dichos datos, qu\u00e9 derechos tienes y de qu\u00e9 forma puedes ejercerlos.<\/p>\n<h4><strong>Responsable de tus datos personales.<\/strong><\/h4>\n<p>Identidad: Classic Editors<\/p>\n<p>Direcci\u00f3n:&nbsp;<span style=\"font-weight: var( --e-global-typography-accent-font-weight ); text-transform: var( --e-global-typography-accent-text-transform ); text-align: var(--text-align); font-size: 11pt; font-family: Arial, sans-serif; color: #333333; font-variant-numeric: normal; font-variant-east-asian: normal; font-variant-alternates: normal; font-variant-position: normal; font-variant-emoji: normal; vertical-align: baseline; white-space-collapse: preserve;\">&nbsp;<\/span>Calle Comtes de Bell-lloc 82 bajos 08014   Barcelona.<\/p>\n<p>Tel\u00e9fono: +34684209509<\/p>\n<p>E-mail:&nbsp;<a href=\"mailto:atencio@classicseditors.com\" data-prosemirror-content-type=\"mark\" data-prosemirror-mark-name=\"link\" style=\"background-color: rgb(255, 255, 255);\">atencio@classicseditors.com<\/a><\/p>\n<h4><strong>\u00bfPara qu\u00e9 recogemos tus datos personales?<\/strong><\/h4>\n<p>En&nbsp;<a style=\"background-color: #ffffff;\" href=\"https:\/\/classicscatalans.com\" data-prosemirror-content-type=\"mark\" data-prosemirror-mark-name=\"link\">ce.tusubdominioweb.com<\/a>&nbsp;recogemos y tratamos la informaci\u00f3n que nos facilitas con el fin de responder a las cuestiones que nos planteas a trav\u00e9s de nuestros formularios de contacto y de comentarios, y para enviarte informaci\u00f3n que sea de tu inter\u00e9s a trav\u00e9s de nuestros canales de comunicaci\u00f3n.<\/p>\n<p>Tendremos almacenada dicha informaci\u00f3n mientras no solicites que la eliminemos.<\/p>\n<h4><strong>\u00bfCu\u00e1les son las bases legales para el tratamiento de tus datos?<\/strong><\/h4>\n<p>Las bases legales para tratar tus datos son las siguientes:<\/p>\n<p>Ejecuci\u00f3n del contrato de suscripci\u00f3n, para hacerte llegar informaci\u00f3n que sea de tu inter\u00e9s a trav\u00e9s de nuestros canales de comunicaci\u00f3n.<\/p>\n<p>Obtenci\u00f3n de tu consentimiento, para responder a las cuestiones que nos planteas a trav\u00e9s de nuestros formularios de contacto y de comentarios.<\/p>\n<p>Recuerda que no est\u00e1s obligado a darnos tu consentimiento para el tratamiento de tus datos, pero si no lo haces&nbsp;<a style=\"background-color: #ffffff;\" href=\"https:\/\/classicscatalans.com\" data-prosemirror-content-type=\"mark\" data-prosemirror-mark-name=\"link\">ce.tusubdominioweb.com<\/a>&nbsp;no podr\u00e1 hacerte llegar informaci\u00f3n que sea de tu inter\u00e9s a trav\u00e9s de nuestros canales de comunicaci\u00f3n.<\/p>\n<h4><strong>\u00bfA qui\u00e9nes se podr\u00e1n comunicar tus datos personales?<\/strong><\/h4>\n<p>Para que podamos ofrecerte servicios de mayor calidad y cumplir con nuestras obligaciones fiscales, te comunicamos que los datos que t\u00fa nos facilites pueden ser cedidos a:<\/p>\n<p><a href=\"https:\/\/www.siteground.es\/\">Siteground<\/a>&nbsp;con domicilio fiscal en C\/Serrano 1, 5\u00ba, encargado de proporcionar el hosting y el dominio para esta web.<\/p>\n<p><a href=\"https:\/\/google.com\/\">Google LLC<\/a>, encargado de la recogida de anal\u00edticas de esta web y sujeto al acuerdo&nbsp;<a href=\"https:\/\/www.privacyshield.gov\/participant?id=a2zt000000001L5AAI&amp;status=Active\">EU-US Privacy Shield<\/a>.<\/p>\n<h4><strong>\u00bfQu\u00e9 derechos tienes sobre tus datos?<\/strong><\/h4>\n<p>Estos son los derechos que puedes ejercer sobre tus datos personales:<\/p>\n<p>Derechos a solicitar el acceso a tus datos de car\u00e1cter personal.<\/p>\n<p>Derecho a solicitar la rectificaci\u00f3n o supresi\u00f3n.<\/p>\n<p>Derecho a solicitar la limitaci\u00f3n del tratamiento.<\/p>\n<p>Derecho a oponerse al tratamiento.<\/p>\n<p>Para ejercer tus derechos, anteriormente mencionados, puedes enviarnos un correo electr\u00f3nico a&nbsp;<a href=\"mailto:atencio@classicseditors.com\" data-prosemirror-content-type=\"mark\" data-prosemirror-mark-name=\"link\" style=\"background-color: rgb(255, 255, 255);\">atencio@classicseditors.com<\/a>&nbsp;indicando en el asunto \u201cPROTECCI\u00d3N DE DATOS\u201d incluyendo una fotocopia de tu DNI u otro documento de identificaci\u00f3n equivalente.<\/p>\n<h4><strong>\u00bfPuedo retirar el consentimiento?<\/strong><\/h4>\n<p>Tienes derecho a retirar el consentimiento para cualquier finalidad espec\u00edfica otorgada en su momento, sin que ello afecte a la licitud del tratamiento basado en el consentimiento previo a su retirada.<\/p>\n<h4><strong>\u00bfD\u00f3nde puedo reclamar si considero que mis datos no se tratan correctamente?<\/strong><\/h4>\n<p>Si consideras que tus datos no se est\u00e1n tratando correctamente puedes dirigir tus reclamaciones al correo&nbsp;<a href=\"mailto:atencio@classicseditors.com\" data-prosemirror-content-type=\"mark\" data-prosemirror-mark-name=\"link\" style=\"background-color: rgb(255, 255, 255);\">atencio@classicseditors.com<\/a>&nbsp;o a la Agencia Espa\u00f1ola de Protecci\u00f3n de Datos (<a href=\"http:\/\/www.agpd.es\/\" style=\"background-color: rgb(255, 255, 255);\">AEPD<\/a>).<\/p>\n<h4><strong>Seguridad y actualizaci\u00f3n de tus datos personales<\/strong><\/h4>\n<p>Para garantizar la seguridad de sus datos personales te informamos que en espanolo.com hemos adoptado todas las medidas t\u00e9cnicas y organizativas necesarias para garantizar la seguridad de tus datos personales. Con el fin de evitar su alteraci\u00f3n, p\u00e9rdida o accesos no autorizados, tal y como exige la ley, entendiendo que la seguridad absoluta no existe.<\/p>\n<p>Con el objetivo de poder mantener tus datos personales actualizados, te rogamos que nos informes en caso de que se produzca alguna modificaci\u00f3n sobre los mismos.<\/p>\t\t\t\t\t\t\t\t<\/div>\n\t\t\t\t<\/div>\n\t\t\t\t<\/div>\n\t\t\t\t\t<\/div>\n\t\t\t\t<\/div>\n\t\t\t\t<\/div>\n\t\t","protected":false},"excerpt":{"rendered":"<p>Pol\u00edticas de privacidad Pol\u00edtica de privacidad En este documento te informamos de los motivos por los que recogemos tus datos personales, qu\u00e9 hacemos con dichos datos, qu\u00e9 derechos tienes y de qu\u00e9 forma puedes ejercerlos. Responsable de tus datos personales. Identidad: Classic Editors Direcci\u00f3n:&nbsp;&nbsp;Calle Comtes de Bell-lloc 82 bajos 08014 Barcelona. Tel\u00e9fono: +34684209509 E-mail:&nbsp;atencio@classicseditors.com \u00bfPara [&hellip;]<\/p>\n","protected":false},"author":14,"featured_media":0,"parent":0,"menu_order":0,"comment_status":"closed","ping_status":"closed","template":"","meta":{"inline_featured_image":false,"iawp_total_views":6,"footnotes":""},"class_list":["post-138","page","type-page","status-publish","hentry"],"yoast_head":"<!-- This site is optimized with the Yoast SEO plugin v27.5 - https:\/\/yoast.com\/product\/yoast-seo-wordpress\/ -->\n<title>Pol\u00edtica de privacidad - Classics Editors<\/title>\n<meta name=\"robots\" content=\"index, follow, max-snippet:-1, max-image-preview:large, max-video-preview:-1\" \/>\n<link rel=\"canonical\" href=\"https:\/\/classicscatalans.com\/es\/politica-de-privacidad\/\" \/>\n<meta property=\"og:locale\" content=\"es_ES\" \/>\n<meta property=\"og:type\" content=\"article\" \/>\n<meta property=\"og:title\" content=\"Pol\u00edtica de privacidad - Classics Editors\" \/>\n<meta property=\"og:description\" content=\"Pol\u00edticas de privacidad Pol\u00edtica de privacidad En este documento te informamos de los motivos por los que recogemos tus datos personales, qu\u00e9 hacemos con dichos datos, qu\u00e9 derechos tienes y de qu\u00e9 forma puedes ejercerlos. Responsable de tus datos personales. Identidad: Classic Editors Direcci\u00f3n:&nbsp;&nbsp;Calle Comtes de Bell-lloc 82 bajos 08014 Barcelona. Tel\u00e9fono: +34684209509 E-mail:&nbsp;atencio@classicseditors.com \u00bfPara [&hellip;]\" \/>\n<meta property=\"og:url\" content=\"https:\/\/classicscatalans.com\/es\/politica-de-privacidad\/\" \/>\n<meta property=\"og:site_name\" content=\"Classics Editors\" \/>\n<meta property=\"article:modified_time\" content=\"2025-10-29T06:12:56+00:00\" \/>\n<meta name=\"twitter:card\" content=\"summary_large_image\" \/>\n<meta name=\"twitter:label1\" content=\"Tiempo de lectura\" \/>\n\t<meta name=\"twitter:data1\" content=\"3 minutos\" \/>\n<script type=\"application\/ld+json\" class=\"yoast-schema-graph\">{\"@context\":\"https:\\\/\\\/schema.org\",\"@graph\":[{\"@type\":\"WebPage\",\"@id\":\"https:\\\/\\\/classicscatalans.com\\\/es\\\/politica-de-privacidad\\\/\",\"url\":\"https:\\\/\\\/classicscatalans.com\\\/es\\\/politica-de-privacidad\\\/\",\"name\":\"Pol\u00edtica de privacidad - Classics Editors\",\"isPartOf\":{\"@id\":\"https:\\\/\\\/classicscatalans.com\\\/es\\\/#website\"},\"datePublished\":\"2024-09-11T18:14:54+00:00\",\"dateModified\":\"2025-10-29T06:12:56+00:00\",\"breadcrumb\":{\"@id\":\"https:\\\/\\\/classicscatalans.com\\\/es\\\/politica-de-privacidad\\\/#breadcrumb\"},\"inLanguage\":\"es\",\"potentialAction\":[{\"@type\":\"ReadAction\",\"target\":[\"https:\\\/\\\/classicscatalans.com\\\/es\\\/politica-de-privacidad\\\/\"]}]},{\"@type\":\"BreadcrumbList\",\"@id\":\"https:\\\/\\\/classicscatalans.com\\\/es\\\/politica-de-privacidad\\\/#breadcrumb\",\"itemListElement\":[{\"@type\":\"ListItem\",\"position\":1,\"name\":\"Home\",\"item\":\"https:\\\/\\\/classicscatalans.com\\\/es\\\/inicio\\\/\"},{\"@type\":\"ListItem\",\"position\":2,\"name\":\"Pol\u00edtica de privacidad\"}]},{\"@type\":\"WebSite\",\"@id\":\"https:\\\/\\\/classicscatalans.com\\\/es\\\/#website\",\"url\":\"https:\\\/\\\/classicscatalans.com\\\/es\\\/\",\"name\":\"Classics Editors\",\"description\":\"\",\"publisher\":{\"@id\":\"https:\\\/\\\/classicscatalans.com\\\/es\\\/#organization\"},\"alternateName\":\"Classics Editors\",\"potentialAction\":[{\"@type\":\"SearchAction\",\"target\":{\"@type\":\"EntryPoint\",\"urlTemplate\":\"https:\\\/\\\/classicscatalans.com\\\/es\\\/?s={search_term_string}\"},\"query-input\":{\"@type\":\"PropertyValueSpecification\",\"valueRequired\":true,\"valueName\":\"search_term_string\"}}],\"inLanguage\":\"es\"},{\"@type\":\"Organization\",\"@id\":\"https:\\\/\\\/classicscatalans.com\\\/es\\\/#organization\",\"name\":\"Farru Barber Shop\",\"alternateName\":\"Farru Barber Shop\",\"url\":\"https:\\\/\\\/classicscatalans.com\\\/es\\\/\",\"logo\":{\"@type\":\"ImageObject\",\"inLanguage\":\"es\",\"@id\":\"https:\\\/\\\/classicscatalans.com\\\/es\\\/#\\\/schema\\\/logo\\\/image\\\/\",\"url\":\"\",\"contentUrl\":\"\",\"caption\":\"Farru Barber Shop\"},\"image\":{\"@id\":\"https:\\\/\\\/classicscatalans.com\\\/es\\\/#\\\/schema\\\/logo\\\/image\\\/\"},\"sameAs\":[\"https:\\\/\\\/www.instagram.com\\\/b_ink_tattoo_studio\"]}]}<\/script>\n<!-- \/ Yoast SEO plugin. -->","yoast_head_json":{"title":"Pol\u00edtica de privacidad - Classics Editors","robots":{"index":"index","follow":"follow","max-snippet":"max-snippet:-1","max-image-preview":"max-image-preview:large","max-video-preview":"max-video-preview:-1"},"canonical":"https:\/\/classicscatalans.com\/es\/politica-de-privacidad\/","og_locale":"es_ES","og_type":"article","og_title":"Pol\u00edtica de privacidad - Classics Editors","og_description":"Pol\u00edticas de privacidad Pol\u00edtica de privacidad En este documento te informamos de los motivos por los que recogemos tus datos personales, qu\u00e9 hacemos con dichos datos, qu\u00e9 derechos tienes y de qu\u00e9 forma puedes ejercerlos. Responsable de tus datos personales. Identidad: Classic Editors Direcci\u00f3n:&nbsp;&nbsp;Calle Comtes de Bell-lloc 82 bajos 08014 Barcelona. Tel\u00e9fono: +34684209509 E-mail:&nbsp;atencio@classicseditors.com \u00bfPara [&hellip;]","og_url":"https:\/\/classicscatalans.com\/es\/politica-de-privacidad\/","og_site_name":"Classics Editors","article_modified_time":"2025-10-29T06:12:56+00:00","twitter_card":"summary_large_image","twitter_misc":{"Tiempo de lectura":"3 minutos"},"schema":{"@context":"https:\/\/schema.org","@graph":[{"@type":"WebPage","@id":"https:\/\/classicscatalans.com\/es\/politica-de-privacidad\/","url":"https:\/\/classicscatalans.com\/es\/politica-de-privacidad\/","name":"Pol\u00edtica de privacidad - Classics Editors","isPartOf":{"@id":"https:\/\/classicscatalans.com\/es\/#website"},"datePublished":"2024-09-11T18:14:54+00:00","dateModified":"2025-10-29T06:12:56+00:00","breadcrumb":{"@id":"https:\/\/classicscatalans.com\/es\/politica-de-privacidad\/#breadcrumb"},"inLanguage":"es","potentialAction":[{"@type":"ReadAction","target":["https:\/\/classicscatalans.com\/es\/politica-de-privacidad\/"]}]},{"@type":"BreadcrumbList","@id":"https:\/\/classicscatalans.com\/es\/politica-de-privacidad\/#breadcrumb","itemListElement":[{"@type":"ListItem","position":1,"name":"Home","item":"https:\/\/classicscatalans.com\/es\/inicio\/"},{"@type":"ListItem","position":2,"name":"Pol\u00edtica de privacidad"}]},{"@type":"WebSite","@id":"https:\/\/classicscatalans.com\/es\/#website","url":"https:\/\/classicscatalans.com\/es\/","name":"Classics Editors","description":"","publisher":{"@id":"https:\/\/classicscatalans.com\/es\/#organization"},"alternateName":"Classics Editors","potentialAction":[{"@type":"SearchAction","target":{"@type":"EntryPoint","urlTemplate":"https:\/\/classicscatalans.com\/es\/?s={search_term_string}"},"query-input":{"@type":"PropertyValueSpecification","valueRequired":true,"valueName":"search_term_string"}}],"inLanguage":"es"},{"@type":"Organization","@id":"https:\/\/classicscatalans.com\/es\/#organization","name":"Farru Barber Shop","alternateName":"Farru Barber Shop","url":"https:\/\/classicscatalans.com\/es\/","logo":{"@type":"ImageObject","inLanguage":"es","@id":"https:\/\/classicscatalans.com\/es\/#\/schema\/logo\/image\/","url":"","contentUrl":"","caption":"Farru Barber Shop"},"image":{"@id":"https:\/\/classicscatalans.com\/es\/#\/schema\/logo\/image\/"},"sameAs":["https:\/\/www.instagram.com\/b_ink_tattoo_studio"]}]}},"_links":{"self":[{"href":"https:\/\/classicscatalans.com\/es\/wp-json\/wp\/v2\/pages\/138","targetHints":{"allow":["GET"]}}],"collection":[{"href":"https:\/\/classicscatalans.com\/es\/wp-json\/wp\/v2\/pages"}],"about":[{"href":"https:\/\/classicscatalans.com\/es\/wp-json\/wp\/v2\/types\/page"}],"author":[{"embeddable":true,"href":"https:\/\/classicscatalans.com\/es\/wp-json\/wp\/v2\/users\/14"}],"replies":[{"embeddable":true,"href":"https:\/\/classicscatalans.com\/es\/wp-json\/wp\/v2\/comments?post=138"}],"version-history":[{"count":10,"href":"https:\/\/classicscatalans.com\/es\/wp-json\/wp\/v2\/pages\/138\/revisions"}],"predecessor-version":[{"id":3335,"href":"https:\/\/classicscatalans.com\/es\/wp-json\/wp\/v2\/pages\/138\/revisions\/3335"}],"wp:attachment":[{"href":"https:\/\/classicscatalans.com\/es\/wp-json\/wp\/v2\/media?parent=138"}],"curies":[{"name":"wp","href":"https:\/\/api.w.org\/{rel}","templated":true}]}}