{"id":133,"date":"2024-09-11T18:07:18","date_gmt":"2024-09-11T18:07:18","guid":{"rendered":"https:\/\/p7.miexpertodigital1.eu\/?page_id=133"},"modified":"2025-10-29T07:11:12","modified_gmt":"2025-10-29T06:11:12","slug":"aviso-legal","status":"publish","type":"page","link":"https:\/\/classicscatalans.com\/es\/aviso-legal\/","title":{"rendered":"Aviso Legal"},"content":{"rendered":"\t\t<div data-elementor-type=\"wp-page\" data-elementor-id=\"133\" class=\"elementor elementor-133\" data-elementor-post-type=\"page\">\n\t\t\t\t<div class=\"elementor-element elementor-element-627c477 e-flex e-con-boxed e-con e-parent\" data-id=\"627c477\" data-element_type=\"container\" data-e-type=\"container\" data-settings=\"{&quot;background_background&quot;:&quot;classic&quot;}\">\n\t\t\t\t\t<div class=\"e-con-inner\">\n\t\t\t\t<div class=\"elementor-element elementor-element-7b29bc1 elementor-widget elementor-widget-heading\" data-id=\"7b29bc1\" data-element_type=\"widget\" data-e-type=\"widget\" data-widget_type=\"heading.default\">\n\t\t\t\t<div class=\"elementor-widget-container\">\n\t\t\t\t\t<h1 class=\"elementor-heading-title elementor-size-default\">Aviso legal<\/h1>\t\t\t\t<\/div>\n\t\t\t\t<\/div>\n\t\t\t\t\t<\/div>\n\t\t\t\t<\/div>\n\t\t<div class=\"elementor-element elementor-element-3a53d5f e-flex e-con-boxed e-con e-parent\" data-id=\"3a53d5f\" data-element_type=\"container\" data-e-type=\"container\">\n\t\t\t\t\t<div class=\"e-con-inner\">\n\t\t<div class=\"elementor-element elementor-element-aab401a e-con-full e-flex e-con e-child\" data-id=\"aab401a\" data-element_type=\"container\" data-e-type=\"container\">\n\t\t\t\t<div class=\"elementor-element elementor-element-bae4bfd elementor-widget elementor-widget-text-editor\" data-id=\"bae4bfd\" data-element_type=\"widget\" data-e-type=\"widget\" data-widget_type=\"text-editor.default\">\n\t\t\t\t<div class=\"elementor-widget-container\">\n\t\t\t\t\t\t\t\t\t<p>Esta web es un espacio seguro.&nbsp;<a style=\"background-color: #ffffff;\" href=\"https:\/\/classicscatalans.com\" data-prosemirror-content-type=\"mark\" data-prosemirror-mark-name=\"link\">ce.tusubdominioweb.com<\/a>&nbsp;respeta la privacidad de sus usuarios y ha adecuado este portal a la Ley 34\/2002, de 11 de julio, de Servicios de la Sociedad de la informaci\u00f3n y de Comercio Electr\u00f3nico.(LSSI)<\/p>\n<p>Por este motivo le informamos de lo siguiente:<\/p>\n<ul style=\"margin-left: 50px;\">\n<li>Denominaci\u00f3n social: Classics Editors<\/li>\n<li>Direcci\u00f3n: Calle Comtes de Bell-lloc 82 bajos 08014   Barcelona.<\/li>\n<li>CIF\/ NIF: 47684492H<\/li>\n<li>Tel\u00e9fono:+34684209509<\/li>\n<li>Email:&nbsp;<a href=\"mailto:atencio@classicseditors.com\" data-prosemirror-content-type=\"mark\" data-prosemirror-mark-name=\"link\">atencio@classicseditors.com<\/a><\/li>\n<li>Actividad: Falta agregar<\/li>\n<li>Finalidad de la p\u00e1gina web: Promoci\u00f3n de (Falta agregar)<\/li>\n<\/ul>\n<p>Esta web cumple con el RGPD (Reglamento UE 2016\/679 de protecci\u00f3n de datos) y con la LSSI-CE (Ley 34\/2002, de 11 de julio, de Servicios de la Sociedad de la Informaci\u00f3n y de Comercio Electr\u00f3nico).<\/p>\n<h4><strong>Condiciones generales del portal&nbsp;<\/strong><a style=\"font-size: 18px; background-color: #ffffff;\" href=\"https:\/\/classicscatalans.com\" data-prosemirror-content-type=\"mark\" data-prosemirror-mark-name=\"link\">ce.tusubdominioweb.com<\/a><\/h4>\n<p>Las presentes Condiciones Generales regulan el uso (incluyendo el mero acceso) de las p\u00e1ginas web integrantes del sitio web&nbsp;<a style=\"background-color: #ffffff;\" href=\"https:\/\/classicscatalans.com\" data-prosemirror-content-type=\"mark\" data-prosemirror-mark-name=\"link\">ce.tusubdominioweb.com<\/a>&nbsp;incluidos los contenidos y servicios puestos a disposici\u00f3n en ellas.<\/p>\n<p>Toda persona que acceda al portal&nbsp;<a style=\"background-color: #ffffff;\" href=\"https:\/\/classicscatalans.com\" data-prosemirror-content-type=\"mark\" data-prosemirror-mark-name=\"link\">ce.tusubdominioweb.com<\/a>&nbsp;(\u201cUsuario\u201d) acepta someterse a las Condiciones Generales vigentes en cada momento en que acceda al portal.<\/p>\n<p>En todo caso,&nbsp;<a style=\"background-color: #ffffff;\" href=\"https:\/\/classicscatalans.com\" data-prosemirror-content-type=\"mark\" data-prosemirror-mark-name=\"link\">ce.tusubdominioweb.com<\/a>&nbsp;se reserva el derecho de modificar, en cualquier momento y sin necesidad de previo aviso, la presentaci\u00f3n y configuraci\u00f3n del portal as\u00ed como las presentes Condiciones Generales o las correspondientes Condiciones Particulares.<\/p>\n<h4><strong>Uso del portal&nbsp;<\/strong><a style=\"font-size: 18px; background-color: #ffffff;\" href=\"https:\/\/classicscatalans.com\" data-prosemirror-content-type=\"mark\" data-prosemirror-mark-name=\"link\">ce.tusubdominioweb.com<\/a><\/h4>\n<p>Usted acepta que:<\/p>\n<ol>\n<li>Solamente podr\u00e1 hacer Usted uso del sitio web para realizar consultas o solicitudes legalmente v\u00e1lidas.<\/li>\n<li>No podr\u00e1 realizar ninguna solicitud especulativa, falsa o fraudulenta. Si tenemos motivos razonables para considerar que se ha hecho una solicitud de esta \u00edndole estaremos autorizados a anularlo e informar a las autoridades pertinentes.<\/li>\n<li>Tambi\u00e9n se obliga Usted a facilitarnos de manera cierta y correcta su direcci\u00f3n de correo electr\u00f3nico, direcci\u00f3n postal y\/u otros datos de contacto y consiente que podremos hacer uso de esta informaci\u00f3n para ponernos en contacto con Usted si es necesario (ver nuestra Declaraci\u00f3n de Privacidad).<\/li>\n<li>Si no nos facilita Usted toda la informaci\u00f3n que necesitamos, no podremos cursar su solicitud.<\/li>\n<li>El presente aviso legal (en adelante, el \u201cAviso Legal\u201d) regula el uso del sitio web:&nbsp;<a href=\"https:\/\/classicscatalans.com\" data-prosemirror-content-type=\"mark\" data-prosemirror-mark-name=\"link\">ce.tusubdominioweb.com<\/a><\/li>\n<\/ol>\n<h4><strong>Protecci\u00f3n de datos de&nbsp;<\/strong><a style=\"font-size: 18px; background-color: #ffffff;\" href=\"https:\/\/classicscatalans.com\" data-prosemirror-content-type=\"mark\" data-prosemirror-mark-name=\"link\">ce.tusubdominioweb.com<\/a><\/h4>\n<p><a style=\"background-color: #ffffff;\" href=\"https:\/\/classicscatalans.com\" data-prosemirror-content-type=\"mark\" data-prosemirror-mark-name=\"link\">ce.tusubdominioweb.com<\/a>&nbsp;se compromete en la utilizaci\u00f3n de los datos incluidos en el fichero, a respetar su confidencialidad y a utilizarlos de acuerdo con la finalidad del mismo, as\u00ed como a dar cumplimiento a su obligaci\u00f3n de guardarlos y adaptar todas las medidas para evitar la alteraci\u00f3n, p\u00e9rdida, tratamiento o acceso no autorizado, de conformidad con lo establecido en el Real Decreto 1720\/2007 de 21 de diciembre por el que se aprueba el Reglamento de desarrollo de la Ley Org\u00e1nica 15\/1999 de 13 de diciembre, de Protecci\u00f3n de Datos de Car\u00e1cter Personal.<\/p>\n<p><a style=\"background-color: #ffffff;\" href=\"https:\/\/classicscatalans.com\" data-prosemirror-content-type=\"mark\" data-prosemirror-mark-name=\"link\">ce.tusubdominioweb.com<\/a>&nbsp;jam\u00e1s compartir\u00e1 datos de los usuarios de la web con terceros a menos que los usuarios hayan sido informados previamente y contemos con su autorizaci\u00f3n expresa.<\/p>\n<p>De igual forma, el Usuario tiene acceso en todo momento a su perfil privado pudiendo modificar, editar o eliminar la informaci\u00f3n proporcionada, as\u00ed como gestionar su baja directamente, o mediante solicitud dirigida a&nbsp;<a href=\"mailto:atencio@classicseditors.com\" data-prosemirror-content-type=\"mark\" data-prosemirror-mark-name=\"link\" style=\"background-color: rgb(255, 255, 255);\">atencio@classicseditors.com<\/a><\/p>\n<h4><strong>Datos personales que recoge y gestiona el portal&nbsp;<\/strong><a style=\"font-size: 18px; background-color: #ffffff; color: #0d0d0d;\" href=\"https:\/\/classicscatalans.com\/\" data-prosemirror-content-type=\"mark\" data-prosemirror-mark-name=\"link\">ce.tusubdominioweb.com<\/a><\/h4>\n<p>Su informaci\u00f3n est\u00e1 protegida de acuerdo a nuestra pol\u00edtica de privacidad y t\u00e9rminos de servicio.<\/p>\n<p>Usted comprende y acepta que:<\/p>\n<p>Desde el momento en que nos facilita sus datos a trav\u00e9s del formulario de contacto,&nbsp;<a style=\"background-color: #ffffff;\" href=\"https:\/\/classicscatalans.com\" data-prosemirror-content-type=\"mark\" data-prosemirror-mark-name=\"link\">ce.tusubdominioweb.com<\/a>&nbsp;tiene acceso a: su nombre y correo electr\u00f3nico.<\/p>\n<p>El usuario tiene seg\u00fan el art\u00edculo 5 d) de la Ley Org\u00e1nica de Protecci\u00f3n de Datos de Car\u00e1cter Personal derecho de acceso, rectificaci\u00f3n, cancelaci\u00f3n y oposici\u00f3n. Podr\u00e1 ejercer estos derechos enviando un correo electr\u00f3nico a&nbsp;<a href=\"mailto:atencio@classicseditors.com\" data-prosemirror-content-type=\"mark\" data-prosemirror-mark-name=\"link\" style=\"background-color: rgb(255, 255, 255);\">atencio@classicseditors.com<\/a>&nbsp;desde la misma direcci\u00f3n que us\u00f3 para el alta.<\/p>\n<p>En cada recepci\u00f3n de un correo electr\u00f3nico el usuario tendr\u00e1 la posibilidad de ejercer sus derechos de cancelaci\u00f3n y rectificaci\u00f3n pinchando los enlaces que encontrar\u00e1 al final del correo.<\/p>\n<h4><strong>Uso y acceso de usuarios<\/strong><\/h4>\n<p>El Usuario queda informado, y acepta, que el acceso a la presente web no supone, en modo alguno, el inicio de una relaci\u00f3n comercial con&nbsp;<a style=\"background-color: #ffffff;\" href=\"https:\/\/classicscatalans.com\" data-prosemirror-content-type=\"mark\" data-prosemirror-mark-name=\"link\">ce.tusubdominioweb.com<\/a><\/p>\n<p>De esta forma, el usuario se compromete a utilizar el sitio Web, sus servicios y contenidos sin contravenir la legislaci\u00f3n vigente, la buena fe y el orden p\u00fablico. Queda prohibido el uso de la web con fines il\u00edcitos o lesivos, o que, de cualquier forma, puedan causar perjuicio o impedir el normal funcionamiento del sitio web. Respecto de los contenidos de este sitio, se proh\u00edbe:<\/p>\n<ul style=\"margin-left: 50px;\">\n<li>Su reproducci\u00f3n, distribuci\u00f3n o modificaci\u00f3n, total o parcial, a menos que se cuente con la autorizaci\u00f3n de sus leg\u00edtimos titulares;<\/li>\n<li>Cualquier vulneraci\u00f3n de los derechos del prestador o de los leg\u00edtimos titulares;<\/li>\n<li>Su utilizaci\u00f3n para fines comerciales o publicitarios.<\/li>\n<\/ul>\n<h4><strong>Derechos de propiedad intelectual e industrial<\/strong><\/h4>\n<p>Mediante estas Condiciones Generales no se cede ning\u00fan derecho de propiedad intelectual o industrial sobre el portal&nbsp;<a style=\"background-color: #ffffff;\" href=\"https:\/\/classicscatalans.com\" data-prosemirror-content-type=\"mark\" data-prosemirror-mark-name=\"link\">ce.tusubdominioweb.com<\/a>&nbsp;ni sobre ninguno de sus elementos integrantes, quedando expresamente prohibidos al Usuario la reproducci\u00f3n, transformaci\u00f3n, distribuci\u00f3n, comunicaci\u00f3n p\u00fablica, puesta a disposici\u00f3n del p\u00fablico, extracci\u00f3n, reutilizaci\u00f3n, reenv\u00edo o la utilizaci\u00f3n de cualquier naturaleza, por cualquier medio o procedimiento, de cualquiera de ellos, salvo en los casos en que est\u00e9 legalmente permitido o sea autorizado por el titular de los correspondientes derechos.<\/p>\n<p>El usuario conoce y acepta que la totalidad del sitio web, conteniendo sin car\u00e1cter exhaustivo el texto, software, contenidos (incluyendo estructura, selecci\u00f3n, ordenaci\u00f3n y presentaci\u00f3n de los mismos) fotograf\u00edas, material audiovisual y gr\u00e1ficos, est\u00e1 protegida por marcas, derechos de autor y otros derechos leg\u00edtimos registrados, de acuerdo con los tratados internacionales en los que Espa\u00f1a es parte y otros derechos de propiedad y leyes de Espa\u00f1a.<\/p>\n<h4><strong>Enlaces<\/strong><\/h4>\n<p>Las p\u00e1ginas del portal&nbsp;<a style=\"background-color: #ffffff;\" href=\"https:\/\/classicscatalans.com\" data-prosemirror-content-type=\"mark\" data-prosemirror-mark-name=\"link\">ce.tusubdominioweb.com<\/a>&nbsp;proporcionan enlaces a otros sitios web propios y contenidos que son propiedad de terceros como redes sociales para compartir contenidos. El \u00fanico objeto de los enlaces es proporcionar al Usuario la posibilidad de acceder a dichos enlaces, aunque&nbsp;<a style=\"background-color: #ffffff;\" href=\"https:\/\/classicscatalans.com\" data-prosemirror-content-type=\"mark\" data-prosemirror-mark-name=\"link\">ce.tusubdominioweb.com<\/a>&nbsp;no ofrece ni comercializa por s\u00ed ni por medio de terceros la informaci\u00f3n, contenidos y servicios disponibles en los sitios enlazados, ni aprueba, supervisa o controla en modo alguno los contenidos y servicios y cualquier material de cualquier naturaleza existente en los mismos.<\/p>\n<p><a style=\"background-color: #ffffff;\" href=\"https:\/\/classicscatalans.com\" data-prosemirror-content-type=\"mark\" data-prosemirror-mark-name=\"link\">ce.tusubdominioweb.com<\/a>&nbsp;no se responsabiliza en ning\u00fan caso de los resultados que puedan derivarse al Usuario por acceso a dichos enlaces.<\/p>\n<p>El Usuario que se proponga establecer cualquier dispositivo t\u00e9cnico de enlace desde su sitio web al portal deber\u00e1 obtener la autorizaci\u00f3n previa y escrita de&nbsp;<a style=\"background-color: #ffffff;\" href=\"https:\/\/classicscatalans.com\" data-prosemirror-content-type=\"mark\" data-prosemirror-mark-name=\"link\">ce.tusubdominioweb.com<\/a>. El establecimiento del enlace no implica en ning\u00fan caso la existencia de relaciones entre&nbsp;<a style=\"background-color: #ffffff;\" href=\"https:\/\/classicscatalans.com\" data-prosemirror-content-type=\"mark\" data-prosemirror-mark-name=\"link\">ce.tusubdominioweb.com<\/a>&nbsp;y el propietario del sitio en el que se establezca el enlace, ni la aceptaci\u00f3n o aprobaci\u00f3n por parte de&nbsp;<a style=\"background-color: #ffffff;\" href=\"https:\/\/classicscatalans.com\" data-prosemirror-content-type=\"mark\" data-prosemirror-mark-name=\"link\">ce.tusubdominioweb.com<\/a>&nbsp;de sus contenidos o servicios.<\/p>\n<h4><strong>Exclusi\u00f3n de garant\u00edas y responsabilidad<\/strong><\/h4>\n<p><a style=\"background-color: #ffffff;\" href=\"https:\/\/classicscatalans.com\" data-prosemirror-content-type=\"mark\" data-prosemirror-mark-name=\"link\">ce.tusubdominioweb.com<\/a>&nbsp;no otorga ninguna garant\u00eda ni se hace responsable, en ning\u00fan caso, de los da\u00f1os y perjuicios de cualquier naturaleza que pudieran traer causa de:<\/p>\n<ul style=\"margin-left: 50px;\">\n<li>la falta de disponibilidad, mantenimiento y efectivo funcionamiento de la web o de sus servicios y contenidos;<\/li>\n<li>la existencia de virus, programas maliciosos o lesivos en los contenidos;<\/li>\n<li>El uso il\u00edcito, negligente, fraudulento o contrario a este Aviso Legal;<\/li>\n<li>La falta de licitud, calidad, fiabilidad, utilidad y disponibilidad de los servicios prestados por terceros y puestos a disposici\u00f3n de los usuarios en el sitio web.<\/li>\n<\/ul>\n<p>El prestador no se hace responsable bajo ning\u00fan concepto de los da\u00f1os que pudieran dimanar del uso ilegal o indebido de la presente p\u00e1gina web.<\/p>\n<h4><strong>Legislaci\u00f3n<\/strong><\/h4>\n<p>Con car\u00e1cter general las relaciones entre&nbsp;<a style=\"background-color: #ffffff;\" href=\"https:\/\/classicscatalans.com\" data-prosemirror-content-type=\"mark\" data-prosemirror-mark-name=\"link\">ce.tusubdominioweb.com<\/a>&nbsp;con los Usuarios de sus servicios telem\u00e1ticos, presentes en este sitio web, se encuentran sometidas a la legislaci\u00f3n y jurisdicci\u00f3n espa\u00f1olas.<\/p>\n<h4><strong>Direcciones de contacto<\/strong><\/h4>\n<p>En caso de que cualquier Usuario tuviese alguna duda acerca de estas Condiciones Generales o cualquier comentario sobre el &nbsp;portal&nbsp;<a style=\"background-color: #ffffff;\" href=\"https:\/\/classicscatalans.com\" data-prosemirror-content-type=\"mark\" data-prosemirror-mark-name=\"link\">ce.tusubdominioweb.com<\/a>, por favor dir\u00edjase a&nbsp;<a href=\"mailto:atencio@classicseditors.com\" data-prosemirror-content-type=\"mark\" data-prosemirror-mark-name=\"link\" style=\"background-color: rgb(255, 255, 255);\">atencio@classicseditors.com<\/a><\/p>\t\t\t\t\t\t\t\t<\/div>\n\t\t\t\t<\/div>\n\t\t\t\t<\/div>\n\t\t\t\t\t<\/div>\n\t\t\t\t<\/div>\n\t\t\t\t<\/div>\n\t\t","protected":false},"excerpt":{"rendered":"<p>Aviso legal Esta web es un espacio seguro.&nbsp;ce.tusubdominioweb.com&nbsp;respeta la privacidad de sus usuarios y ha adecuado este portal a la Ley 34\/2002, de 11 de julio, de Servicios de la Sociedad de la informaci\u00f3n y de Comercio Electr\u00f3nico.(LSSI) Por este motivo le informamos de lo siguiente: Denominaci\u00f3n social: Classics Editors Direcci\u00f3n: Calle Comtes de Bell-lloc [&hellip;]<\/p>\n","protected":false},"author":14,"featured_media":0,"parent":0,"menu_order":0,"comment_status":"closed","ping_status":"closed","template":"","meta":{"inline_featured_image":false,"iawp_total_views":6,"footnotes":""},"class_list":["post-133","page","type-page","status-publish","hentry"],"yoast_head":"<!-- This site is optimized with the Yoast SEO plugin v27.5 - https:\/\/yoast.com\/product\/yoast-seo-wordpress\/ -->\n<title>Aviso Legal - Classics Editors<\/title>\n<meta name=\"robots\" content=\"index, follow, max-snippet:-1, max-image-preview:large, max-video-preview:-1\" \/>\n<link rel=\"canonical\" href=\"https:\/\/classicscatalans.com\/es\/aviso-legal\/\" \/>\n<meta property=\"og:locale\" content=\"es_ES\" \/>\n<meta property=\"og:type\" content=\"article\" \/>\n<meta property=\"og:title\" content=\"Aviso Legal - Classics Editors\" \/>\n<meta property=\"og:description\" content=\"Aviso legal Esta web es un espacio seguro.&nbsp;ce.tusubdominioweb.com&nbsp;respeta la privacidad de sus usuarios y ha adecuado este portal a la Ley 34\/2002, de 11 de julio, de Servicios de la Sociedad de la informaci\u00f3n y de Comercio Electr\u00f3nico.(LSSI) Por este motivo le informamos de lo siguiente: Denominaci\u00f3n social: Classics Editors Direcci\u00f3n: Calle Comtes de Bell-lloc [&hellip;]\" \/>\n<meta property=\"og:url\" content=\"https:\/\/classicscatalans.com\/es\/aviso-legal\/\" \/>\n<meta property=\"og:site_name\" content=\"Classics Editors\" \/>\n<meta property=\"article:modified_time\" content=\"2025-10-29T06:11:12+00:00\" \/>\n<meta name=\"twitter:card\" content=\"summary_large_image\" \/>\n<meta name=\"twitter:label1\" content=\"Tiempo de lectura\" \/>\n\t<meta name=\"twitter:data1\" content=\"6 minutos\" \/>\n<script type=\"application\/ld+json\" class=\"yoast-schema-graph\">{\"@context\":\"https:\\\/\\\/schema.org\",\"@graph\":[{\"@type\":\"WebPage\",\"@id\":\"https:\\\/\\\/classicscatalans.com\\\/es\\\/aviso-legal\\\/\",\"url\":\"https:\\\/\\\/classicscatalans.com\\\/es\\\/aviso-legal\\\/\",\"name\":\"Aviso Legal - Classics Editors\",\"isPartOf\":{\"@id\":\"https:\\\/\\\/classicscatalans.com\\\/es\\\/#website\"},\"datePublished\":\"2024-09-11T18:07:18+00:00\",\"dateModified\":\"2025-10-29T06:11:12+00:00\",\"breadcrumb\":{\"@id\":\"https:\\\/\\\/classicscatalans.com\\\/es\\\/aviso-legal\\\/#breadcrumb\"},\"inLanguage\":\"es\",\"potentialAction\":[{\"@type\":\"ReadAction\",\"target\":[\"https:\\\/\\\/classicscatalans.com\\\/es\\\/aviso-legal\\\/\"]}]},{\"@type\":\"BreadcrumbList\",\"@id\":\"https:\\\/\\\/classicscatalans.com\\\/es\\\/aviso-legal\\\/#breadcrumb\",\"itemListElement\":[{\"@type\":\"ListItem\",\"position\":1,\"name\":\"Home\",\"item\":\"https:\\\/\\\/classicscatalans.com\\\/es\\\/inicio\\\/\"},{\"@type\":\"ListItem\",\"position\":2,\"name\":\"Aviso Legal\"}]},{\"@type\":\"WebSite\",\"@id\":\"https:\\\/\\\/classicscatalans.com\\\/es\\\/#website\",\"url\":\"https:\\\/\\\/classicscatalans.com\\\/es\\\/\",\"name\":\"Classics Editors\",\"description\":\"\",\"publisher\":{\"@id\":\"https:\\\/\\\/classicscatalans.com\\\/es\\\/#organization\"},\"alternateName\":\"Classics Editors\",\"potentialAction\":[{\"@type\":\"SearchAction\",\"target\":{\"@type\":\"EntryPoint\",\"urlTemplate\":\"https:\\\/\\\/classicscatalans.com\\\/es\\\/?s={search_term_string}\"},\"query-input\":{\"@type\":\"PropertyValueSpecification\",\"valueRequired\":true,\"valueName\":\"search_term_string\"}}],\"inLanguage\":\"es\"},{\"@type\":\"Organization\",\"@id\":\"https:\\\/\\\/classicscatalans.com\\\/es\\\/#organization\",\"name\":\"Farru Barber Shop\",\"alternateName\":\"Farru Barber Shop\",\"url\":\"https:\\\/\\\/classicscatalans.com\\\/es\\\/\",\"logo\":{\"@type\":\"ImageObject\",\"inLanguage\":\"es\",\"@id\":\"https:\\\/\\\/classicscatalans.com\\\/es\\\/#\\\/schema\\\/logo\\\/image\\\/\",\"url\":\"\",\"contentUrl\":\"\",\"caption\":\"Farru Barber Shop\"},\"image\":{\"@id\":\"https:\\\/\\\/classicscatalans.com\\\/es\\\/#\\\/schema\\\/logo\\\/image\\\/\"},\"sameAs\":[\"https:\\\/\\\/www.instagram.com\\\/b_ink_tattoo_studio\"]}]}<\/script>\n<!-- \/ Yoast SEO plugin. -->","yoast_head_json":{"title":"Aviso Legal - Classics Editors","robots":{"index":"index","follow":"follow","max-snippet":"max-snippet:-1","max-image-preview":"max-image-preview:large","max-video-preview":"max-video-preview:-1"},"canonical":"https:\/\/classicscatalans.com\/es\/aviso-legal\/","og_locale":"es_ES","og_type":"article","og_title":"Aviso Legal - Classics Editors","og_description":"Aviso legal Esta web es un espacio seguro.&nbsp;ce.tusubdominioweb.com&nbsp;respeta la privacidad de sus usuarios y ha adecuado este portal a la Ley 34\/2002, de 11 de julio, de Servicios de la Sociedad de la informaci\u00f3n y de Comercio Electr\u00f3nico.(LSSI) Por este motivo le informamos de lo siguiente: Denominaci\u00f3n social: Classics Editors Direcci\u00f3n: Calle Comtes de Bell-lloc [&hellip;]","og_url":"https:\/\/classicscatalans.com\/es\/aviso-legal\/","og_site_name":"Classics Editors","article_modified_time":"2025-10-29T06:11:12+00:00","twitter_card":"summary_large_image","twitter_misc":{"Tiempo de lectura":"6 minutos"},"schema":{"@context":"https:\/\/schema.org","@graph":[{"@type":"WebPage","@id":"https:\/\/classicscatalans.com\/es\/aviso-legal\/","url":"https:\/\/classicscatalans.com\/es\/aviso-legal\/","name":"Aviso Legal - Classics Editors","isPartOf":{"@id":"https:\/\/classicscatalans.com\/es\/#website"},"datePublished":"2024-09-11T18:07:18+00:00","dateModified":"2025-10-29T06:11:12+00:00","breadcrumb":{"@id":"https:\/\/classicscatalans.com\/es\/aviso-legal\/#breadcrumb"},"inLanguage":"es","potentialAction":[{"@type":"ReadAction","target":["https:\/\/classicscatalans.com\/es\/aviso-legal\/"]}]},{"@type":"BreadcrumbList","@id":"https:\/\/classicscatalans.com\/es\/aviso-legal\/#breadcrumb","itemListElement":[{"@type":"ListItem","position":1,"name":"Home","item":"https:\/\/classicscatalans.com\/es\/inicio\/"},{"@type":"ListItem","position":2,"name":"Aviso Legal"}]},{"@type":"WebSite","@id":"https:\/\/classicscatalans.com\/es\/#website","url":"https:\/\/classicscatalans.com\/es\/","name":"Classics Editors","description":"","publisher":{"@id":"https:\/\/classicscatalans.com\/es\/#organization"},"alternateName":"Classics Editors","potentialAction":[{"@type":"SearchAction","target":{"@type":"EntryPoint","urlTemplate":"https:\/\/classicscatalans.com\/es\/?s={search_term_string}"},"query-input":{"@type":"PropertyValueSpecification","valueRequired":true,"valueName":"search_term_string"}}],"inLanguage":"es"},{"@type":"Organization","@id":"https:\/\/classicscatalans.com\/es\/#organization","name":"Farru Barber Shop","alternateName":"Farru Barber Shop","url":"https:\/\/classicscatalans.com\/es\/","logo":{"@type":"ImageObject","inLanguage":"es","@id":"https:\/\/classicscatalans.com\/es\/#\/schema\/logo\/image\/","url":"","contentUrl":"","caption":"Farru Barber Shop"},"image":{"@id":"https:\/\/classicscatalans.com\/es\/#\/schema\/logo\/image\/"},"sameAs":["https:\/\/www.instagram.com\/b_ink_tattoo_studio"]}]}},"_links":{"self":[{"href":"https:\/\/classicscatalans.com\/es\/wp-json\/wp\/v2\/pages\/133","targetHints":{"allow":["GET"]}}],"collection":[{"href":"https:\/\/classicscatalans.com\/es\/wp-json\/wp\/v2\/pages"}],"about":[{"href":"https:\/\/classicscatalans.com\/es\/wp-json\/wp\/v2\/types\/page"}],"author":[{"embeddable":true,"href":"https:\/\/classicscatalans.com\/es\/wp-json\/wp\/v2\/users\/14"}],"replies":[{"embeddable":true,"href":"https:\/\/classicscatalans.com\/es\/wp-json\/wp\/v2\/comments?post=133"}],"version-history":[{"count":10,"href":"https:\/\/classicscatalans.com\/es\/wp-json\/wp\/v2\/pages\/133\/revisions"}],"predecessor-version":[{"id":3326,"href":"https:\/\/classicscatalans.com\/es\/wp-json\/wp\/v2\/pages\/133\/revisions\/3326"}],"wp:attachment":[{"href":"https:\/\/classicscatalans.com\/es\/wp-json\/wp\/v2\/media?parent=133"}],"curies":[{"name":"wp","href":"https:\/\/api.w.org\/{rel}","templated":true}]}}