{"id":101,"date":"2024-09-11T11:20:07","date_gmt":"2024-09-11T11:20:07","guid":{"rendered":"https:\/\/p7.miexpertodigital1.eu\/?page_id=101"},"modified":"2025-12-16T23:47:29","modified_gmt":"2025-12-16T22:47:29","slug":"nosotros","status":"publish","type":"page","link":"https:\/\/classicscatalans.com\/es\/nosotros\/","title":{"rendered":"Nosotros"},"content":{"rendered":"\t\t<div data-elementor-type=\"wp-page\" data-elementor-id=\"101\" class=\"elementor elementor-101\" data-elementor-post-type=\"page\">\n\t\t\t\t<div class=\"elementor-element elementor-element-4327061 e-con-full e-flex e-con e-parent\" data-id=\"4327061\" data-element_type=\"container\" data-e-type=\"container\" data-settings=\"{&quot;background_background&quot;:&quot;slideshow&quot;,&quot;background_slideshow_lazyload&quot;:&quot;yes&quot;,&quot;background_slideshow_ken_burns&quot;:&quot;yes&quot;,&quot;background_slideshow_gallery&quot;:[{&quot;id&quot;:3252,&quot;url&quot;:&quot;https:\\\/\\\/classicscatalans.com\\\/wp-content\\\/uploads\\\/2025\\\/10\\\/pexels-huys-photography-202304-6007183.jpg&quot;},{&quot;id&quot;:3215,&quot;url&quot;:&quot;https:\\\/\\\/classicscatalans.com\\\/wp-content\\\/uploads\\\/2025\\\/10\\\/pexels-karlsolano-9454349.jpg&quot;},{&quot;id&quot;:3254,&quot;url&quot;:&quot;https:\\\/\\\/classicscatalans.com\\\/wp-content\\\/uploads\\\/2025\\\/10\\\/pexels-element5-1370295.jpg&quot;}],&quot;background_slideshow_loop&quot;:&quot;yes&quot;,&quot;background_slideshow_slide_duration&quot;:5000,&quot;background_slideshow_slide_transition&quot;:&quot;fade&quot;,&quot;background_slideshow_transition_duration&quot;:500,&quot;background_slideshow_ken_burns_zoom_direction&quot;:&quot;in&quot;}\">\n\t\t<div class=\"elementor-element elementor-element-4961cea e-con-full e-flex e-con e-child\" data-id=\"4961cea\" data-element_type=\"container\" data-e-type=\"container\">\n\t\t\t\t<div class=\"elementor-element elementor-element-f75e4ff elementor-widget elementor-widget-heading\" data-id=\"f75e4ff\" data-element_type=\"widget\" data-e-type=\"widget\" data-widget_type=\"heading.default\">\n\t\t\t\t<div class=\"elementor-widget-container\">\n\t\t\t\t\t<h1 class=\"elementor-heading-title elementor-size-default\">Classics Editors<\/h1>\t\t\t\t<\/div>\n\t\t\t\t<\/div>\n\t\t\t\t<div class=\"elementor-element elementor-element-a3b49a3 elementor-widget elementor-widget-heading\" data-id=\"a3b49a3\" data-element_type=\"widget\" data-e-type=\"widget\" data-widget_type=\"heading.default\">\n\t\t\t\t<div class=\"elementor-widget-container\">\n\t\t\t\t\t<h5 class=\"elementor-heading-title elementor-size-default\">La editorial que transforma la literatura catalana<\/h5>\t\t\t\t<\/div>\n\t\t\t\t<\/div>\n\t\t\t\t<div class=\"elementor-element elementor-element-b1fe0dc elementor-mobile-align-center elementor-align-left elementor-widget elementor-widget-button\" data-id=\"b1fe0dc\" data-element_type=\"widget\" data-e-type=\"widget\" data-widget_type=\"button.default\">\n\t\t\t\t<div class=\"elementor-widget-container\">\n\t\t\t\t\t\t\t\t\t<div class=\"elementor-button-wrapper\">\n\t\t\t\t\t<a class=\"elementor-button elementor-button-link elementor-size-sm elementor-animation-float\" href=\"https:\/\/wa.link\/u32aim\">\n\t\t\t\t\t\t<span class=\"elementor-button-content-wrapper\">\n\t\t\t\t\t\t\t\t\t<span class=\"elementor-button-text\">Descubre nuestros libros<\/span>\n\t\t\t\t\t<\/span>\n\t\t\t\t\t<\/a>\n\t\t\t\t<\/div>\n\t\t\t\t\t\t\t\t<\/div>\n\t\t\t\t<\/div>\n\t\t\t\t<\/div>\n\t\t<div class=\"elementor-element elementor-element-bf01d75 e-con-full e-flex e-con e-child\" data-id=\"bf01d75\" data-element_type=\"container\" data-e-type=\"container\">\n\t\t\t\t<div class=\"elementor-element elementor-element-7320ecf elementor-widget elementor-widget-image\" data-id=\"7320ecf\" data-element_type=\"widget\" data-e-type=\"widget\" data-settings=\"{&quot;motion_fx_motion_fx_mouse&quot;:&quot;yes&quot;,&quot;motion_fx_mouseTrack_effect&quot;:&quot;yes&quot;,&quot;motion_fx_mouseTrack_speed&quot;:{&quot;unit&quot;:&quot;px&quot;,&quot;size&quot;:1,&quot;sizes&quot;:[]}}\" data-widget_type=\"image.default\">\n\t\t\t\t<div class=\"elementor-widget-container\">\n\t\t\t\t\t\t\t\t\t\t\t\t\t\t\t<img fetchpriority=\"high\" decoding=\"async\" width=\"566\" height=\"440\" src=\"https:\/\/classicscatalans.com\/wp-content\/uploads\/2025\/10\/Gemini_Generated_Image_dpagjtdpagjtdpag-removebg-preview.png\" class=\"attachment-large size-large wp-image-3225\" alt=\"\" srcset=\"https:\/\/classicscatalans.com\/wp-content\/uploads\/2025\/10\/Gemini_Generated_Image_dpagjtdpagjtdpag-removebg-preview.png 566w, https:\/\/classicscatalans.com\/wp-content\/uploads\/2025\/10\/Gemini_Generated_Image_dpagjtdpagjtdpag-removebg-preview-300x233.png 300w\" sizes=\"(max-width: 566px) 100vw, 566px\" \/>\t\t\t\t\t\t\t\t\t\t\t\t\t\t\t<\/div>\n\t\t\t\t<\/div>\n\t\t\t\t<\/div>\n\t\t\t\t<\/div>\n\t\t<div class=\"elementor-element elementor-element-70cc065 e-flex e-con-boxed e-con e-parent\" data-id=\"70cc065\" data-element_type=\"container\" data-e-type=\"container\" data-settings=\"{&quot;background_background&quot;:&quot;classic&quot;}\">\n\t\t\t\t\t<div class=\"e-con-inner\">\n\t\t<div class=\"elementor-element elementor-element-500a31f e-con-full e-flex e-con e-child\" data-id=\"500a31f\" data-element_type=\"container\" data-e-type=\"container\">\n\t\t\t\t<div class=\"elementor-element elementor-element-dadbe8e elementor-widget-divider--view-line elementor-widget elementor-widget-divider\" data-id=\"dadbe8e\" data-element_type=\"widget\" data-e-type=\"widget\" data-widget_type=\"divider.default\">\n\t\t\t\t<div class=\"elementor-widget-container\">\n\t\t\t\t\t\t\t<div class=\"elementor-divider\">\n\t\t\t<span class=\"elementor-divider-separator\">\n\t\t\t\t\t\t<\/span>\n\t\t<\/div>\n\t\t\t\t\t\t<\/div>\n\t\t\t\t<\/div>\n\t\t\t\t<div class=\"elementor-element elementor-element-64252ed elementor-invisible elementor-widget elementor-widget-heading\" data-id=\"64252ed\" data-element_type=\"widget\" data-e-type=\"widget\" data-settings=\"{&quot;_animation&quot;:&quot;fadeInLeft&quot;}\" data-widget_type=\"heading.default\">\n\t\t\t\t<div class=\"elementor-widget-container\">\n\t\t\t\t\t<h2 class=\"elementor-heading-title elementor-size-default\">Sobre Nosotros<\/h2>\t\t\t\t<\/div>\n\t\t\t\t<\/div>\n\t\t\t\t<div class=\"elementor-element elementor-element-b5a04d4 elementor-widget elementor-widget-text-editor\" data-id=\"b5a04d4\" data-element_type=\"widget\" data-e-type=\"widget\" data-widget_type=\"text-editor.default\">\n\t\t\t\t<div class=\"elementor-widget-container\">\n\t\t\t\t\t\t\t\t\t<p><span style=\"font-weight: 400;\"><strong>Classics Editors<\/strong> es una editorial dedicada a la <\/span><b>producci\u00f3n integral de libros<\/b><span style=\"font-weight: 400;\">, que abarca desde el dise\u00f1o y la elaboraci\u00f3n hasta la distribuci\u00f3n de obras en formato f\u00edsico. Desde nuestra fundaci\u00f3n hace un a\u00f1o, hemos trabajado con el objetivo de <\/span><b>preservar y difundir el patrimonio literario y cultural en catal\u00e1n<\/b><span style=\"font-weight: 400;\">. Nos especializamos en una variada selecci\u00f3n de t\u00edtulos que incluyen <\/span><b>ficci\u00f3n<\/b><span style=\"font-weight: 400;\">, <\/span><b>no ficci\u00f3n<\/b><span style=\"font-weight: 400;\">, as\u00ed como obras cl\u00e1sicas y literatura medieval, del siglo XIX y del siglo XX. Tambi\u00e9n nos enorgullece ofrecer una secci\u00f3n dedicada a <\/span><b>libros hist\u00f3ricos<\/b><span style=\"font-weight: 400;\">.<\/span><\/p>\t\t\t\t\t\t\t\t<\/div>\n\t\t\t\t<\/div>\n\t\t\t\t<\/div>\n\t\t<div class=\"elementor-element elementor-element-ddaf72a e-con-full e-flex e-con e-child\" data-id=\"ddaf72a\" data-element_type=\"container\" data-e-type=\"container\">\n\t\t\t\t<div class=\"elementor-element elementor-element-688d35e elementor-widget elementor-widget-image\" data-id=\"688d35e\" data-element_type=\"widget\" data-e-type=\"widget\" data-widget_type=\"image.default\">\n\t\t\t\t<div class=\"elementor-widget-container\">\n\t\t\t\t\t\t\t\t\t\t\t\t\t\t\t<img decoding=\"async\" width=\"500\" height=\"889\" src=\"https:\/\/classicscatalans.com\/wp-content\/uploads\/2025\/10\/photo-1698954634383-eba274a1b1c7.avif\" class=\"attachment-large size-large wp-image-3288\" alt=\"\" srcset=\"https:\/\/classicscatalans.com\/wp-content\/uploads\/2025\/10\/photo-1698954634383-eba274a1b1c7.avif 500w, https:\/\/classicscatalans.com\/wp-content\/uploads\/2025\/10\/photo-1698954634383-eba274a1b1c7-169x300.avif 169w\" sizes=\"(max-width: 500px) 100vw, 500px\" \/>\t\t\t\t\t\t\t\t\t\t\t\t\t\t\t<\/div>\n\t\t\t\t<\/div>\n\t\t\t\t<\/div>\n\t\t\t\t\t<\/div>\n\t\t\t\t<\/div>\n\t\t<div class=\"elementor-element elementor-element-d6589cb e-flex e-con-boxed e-con e-parent\" data-id=\"d6589cb\" data-element_type=\"container\" data-e-type=\"container\">\n\t\t\t\t\t<div class=\"e-con-inner\">\n\t\t<div class=\"elementor-element elementor-element-0f80ed9 e-con-full e-flex e-con e-child\" data-id=\"0f80ed9\" data-element_type=\"container\" data-e-type=\"container\">\n\t\t<div class=\"elementor-element elementor-element-80f2063 e-con-full e-transform e-flex e-con e-child\" data-id=\"80f2063\" data-element_type=\"container\" data-e-type=\"container\" data-settings=\"{&quot;background_background&quot;:&quot;classic&quot;,&quot;shape_divider_top&quot;:&quot;book&quot;,&quot;shape_divider_top_negative&quot;:&quot;yes&quot;,&quot;_transform_scale_effect_hover&quot;:{&quot;unit&quot;:&quot;px&quot;,&quot;size&quot;:1.05,&quot;sizes&quot;:[]},&quot;_transform_scale_effect_hover_tablet&quot;:{&quot;unit&quot;:&quot;px&quot;,&quot;size&quot;:&quot;&quot;,&quot;sizes&quot;:[]},&quot;_transform_scale_effect_hover_mobile&quot;:{&quot;unit&quot;:&quot;px&quot;,&quot;size&quot;:&quot;&quot;,&quot;sizes&quot;:[]}}\">\n\t\t\t\t<div class=\"elementor-shape elementor-shape-top\" aria-hidden=\"true\" data-negative=\"true\">\n\t\t\t<svg xmlns=\"http:\/\/www.w3.org\/2000\/svg\" viewBox=\"0 0 1000 100\" preserveAspectRatio=\"none\">\n\t<path class=\"elementor-shape-fill\" d=\"M806,94.7C619.5,90,500,20.3,500,1.7c-1,18.6-117.5,88.3-306,93C92,97.2,0,97.9,0,97.9v-0l0,0v2.3h1000v-2.3 C1000,97.7,920.3,97.6,806,94.7z M350,65.1L350,65.1L350,65.1L350,65.1z\"\/>\n<\/svg>\n\t\t<\/div>\n\t\t\t\t<div class=\"elementor-element elementor-element-ddd8fc9 elementor-view-default elementor-position-block-start elementor-mobile-position-block-start elementor-widget elementor-widget-icon-box\" data-id=\"ddd8fc9\" data-element_type=\"widget\" data-e-type=\"widget\" data-widget_type=\"icon-box.default\">\n\t\t\t\t<div class=\"elementor-widget-container\">\n\t\t\t\t\t\t\t<div class=\"elementor-icon-box-wrapper\">\n\n\t\t\t\t\t\t<div class=\"elementor-icon-box-icon\">\n\t\t\t\t<span  class=\"elementor-icon\">\n\t\t\t\t<i aria-hidden=\"true\" class=\"icon icon-Target\"><\/i>\t\t\t\t<\/span>\n\t\t\t<\/div>\n\t\t\t\n\t\t\t\t\t\t<div class=\"elementor-icon-box-content\">\n\n\t\t\t\t\t\t\t\t\t<h3 class=\"elementor-icon-box-title\">\n\t\t\t\t\t\t<span  >\n\t\t\t\t\t\t\tMisi\u00f3n\t\t\t\t\t\t<\/span>\n\t\t\t\t\t<\/h3>\n\t\t\t\t\n\t\t\t\t\t\t\t\t\t<p class=\"elementor-icon-box-description\">\n\t\t\t\t\t\tNuestra misi\u00f3n es preservar y difundir el patrimonio literario y cultural en catal\u00e1n, a trav\u00e9s del dise\u00f1o, elaboraci\u00f3n y distribuci\u00f3n de libros f\u00edsicos de alta calidad. Nos dedicamos a publicar obras que conectan a los lectores con grandes historias y el conocimiento de \u00e9pocas pasadas y presentes.\t\t\t\t\t<\/p>\n\t\t\t\t\n\t\t\t<\/div>\n\t\t\t\n\t\t<\/div>\n\t\t\t\t\t\t<\/div>\n\t\t\t\t<\/div>\n\t\t\t\t<\/div>\n\t\t<div class=\"elementor-element elementor-element-dc3868e e-con-full e-transform e-flex e-con e-child\" data-id=\"dc3868e\" data-element_type=\"container\" data-e-type=\"container\" data-settings=\"{&quot;background_background&quot;:&quot;classic&quot;,&quot;shape_divider_top&quot;:&quot;book&quot;,&quot;shape_divider_top_negative&quot;:&quot;yes&quot;,&quot;_transform_scale_effect_hover&quot;:{&quot;unit&quot;:&quot;px&quot;,&quot;size&quot;:1.05,&quot;sizes&quot;:[]},&quot;_transform_scale_effect_hover_tablet&quot;:{&quot;unit&quot;:&quot;px&quot;,&quot;size&quot;:&quot;&quot;,&quot;sizes&quot;:[]},&quot;_transform_scale_effect_hover_mobile&quot;:{&quot;unit&quot;:&quot;px&quot;,&quot;size&quot;:&quot;&quot;,&quot;sizes&quot;:[]}}\">\n\t\t\t\t<div class=\"elementor-shape elementor-shape-top\" aria-hidden=\"true\" data-negative=\"true\">\n\t\t\t<svg xmlns=\"http:\/\/www.w3.org\/2000\/svg\" viewBox=\"0 0 1000 100\" preserveAspectRatio=\"none\">\n\t<path class=\"elementor-shape-fill\" d=\"M806,94.7C619.5,90,500,20.3,500,1.7c-1,18.6-117.5,88.3-306,93C92,97.2,0,97.9,0,97.9v-0l0,0v2.3h1000v-2.3 C1000,97.7,920.3,97.6,806,94.7z M350,65.1L350,65.1L350,65.1L350,65.1z\"\/>\n<\/svg>\n\t\t<\/div>\n\t\t\t\t<div class=\"elementor-element elementor-element-8b97926 elementor-view-default elementor-position-block-start elementor-mobile-position-block-start elementor-widget elementor-widget-icon-box\" data-id=\"8b97926\" data-element_type=\"widget\" data-e-type=\"widget\" data-widget_type=\"icon-box.default\">\n\t\t\t\t<div class=\"elementor-widget-container\">\n\t\t\t\t\t\t\t<div class=\"elementor-icon-box-wrapper\">\n\n\t\t\t\t\t\t<div class=\"elementor-icon-box-icon\">\n\t\t\t\t<span  class=\"elementor-icon\">\n\t\t\t\t<svg aria-hidden=\"true\" class=\"e-font-icon-svg e-far-eye\" viewBox=\"0 0 576 512\" xmlns=\"http:\/\/www.w3.org\/2000\/svg\"><path d=\"M288 144a110.94 110.94 0 0 0-31.24 5 55.4 55.4 0 0 1 7.24 27 56 56 0 0 1-56 56 55.4 55.4 0 0 1-27-7.24A111.71 111.71 0 1 0 288 144zm284.52 97.4C518.29 135.59 410.93 64 288 64S57.68 135.64 3.48 241.41a32.35 32.35 0 0 0 0 29.19C57.71 376.41 165.07 448 288 448s230.32-71.64 284.52-177.41a32.35 32.35 0 0 0 0-29.19zM288 400c-98.65 0-189.09-55-237.93-144C98.91 167 189.34 112 288 112s189.09 55 237.93 144C477.1 345 386.66 400 288 400z\"><\/path><\/svg>\t\t\t\t<\/span>\n\t\t\t<\/div>\n\t\t\t\n\t\t\t\t\t\t<div class=\"elementor-icon-box-content\">\n\n\t\t\t\t\t\t\t\t\t<h3 class=\"elementor-icon-box-title\">\n\t\t\t\t\t\t<span  >\n\t\t\t\t\t\t\tVisi\u00f3n\t\t\t\t\t\t<\/span>\n\t\t\t\t\t<\/h3>\n\t\t\t\t\n\t\t\t\t\t\t\t\t\t<p class=\"elementor-icon-box-description\">\n\t\t\t\t\t\tAspiramos a ser la editorial de referencia en literatura catalana, reconocida por nuestra dedicaci\u00f3n a la calidad y excelencia en el dise\u00f1o de nuestro cat\u00e1logo. Queremos ser un puente entre las generaciones, ofreciendo las obras m\u00e1s relevantes de la literatura cl\u00e1sica, medieval, del siglo XIX y XX, contribuyendo as\u00ed a la riqueza cultural de nuestra comunidad.\t\t\t\t\t<\/p>\n\t\t\t\t\n\t\t\t<\/div>\n\t\t\t\n\t\t<\/div>\n\t\t\t\t\t\t<\/div>\n\t\t\t\t<\/div>\n\t\t\t\t<\/div>\n\t\t\t\t<\/div>\n\t\t\t\t\t<\/div>\n\t\t\t\t<\/div>\n\t\t\t\t<\/div>\n\t\t","protected":false},"excerpt":{"rendered":"<p>Classics Editors La editorial que transforma la literatura catalana Descubre nuestros libros Sobre Nosotros Classics Editors es una editorial dedicada a la producci\u00f3n integral de libros, que abarca desde el dise\u00f1o y la elaboraci\u00f3n hasta la distribuci\u00f3n de obras en formato f\u00edsico. Desde nuestra fundaci\u00f3n hace un a\u00f1o, hemos trabajado con el objetivo de preservar [&hellip;]<\/p>\n","protected":false},"author":14,"featured_media":0,"parent":0,"menu_order":0,"comment_status":"closed","ping_status":"closed","template":"","meta":{"inline_featured_image":false,"iawp_total_views":73,"footnotes":""},"class_list":["post-101","page","type-page","status-publish","hentry"],"yoast_head":"<!-- This site is optimized with the Yoast SEO plugin v27.5 - https:\/\/yoast.com\/product\/yoast-seo-wordpress\/ -->\n<title>Nosotros - Classics Editors<\/title>\n<meta name=\"robots\" content=\"index, follow, max-snippet:-1, max-image-preview:large, max-video-preview:-1\" \/>\n<link rel=\"canonical\" href=\"https:\/\/classicscatalans.com\/es\/nosotros\/\" \/>\n<meta property=\"og:locale\" content=\"es_ES\" \/>\n<meta property=\"og:type\" content=\"article\" \/>\n<meta property=\"og:title\" content=\"Nosotros - Classics Editors\" \/>\n<meta property=\"og:description\" content=\"Classics Editors La editorial que transforma la literatura catalana Descubre nuestros libros Sobre Nosotros Classics Editors es una editorial dedicada a la producci\u00f3n integral de libros, que abarca desde el dise\u00f1o y la elaboraci\u00f3n hasta la distribuci\u00f3n de obras en formato f\u00edsico. Desde nuestra fundaci\u00f3n hace un a\u00f1o, hemos trabajado con el objetivo de preservar [&hellip;]\" \/>\n<meta property=\"og:url\" content=\"https:\/\/classicscatalans.com\/es\/nosotros\/\" \/>\n<meta property=\"og:site_name\" content=\"Classics Editors\" \/>\n<meta property=\"article:modified_time\" content=\"2025-12-16T22:47:29+00:00\" \/>\n<meta property=\"og:image\" content=\"https:\/\/classicscatalans.com\/wp-content\/uploads\/2025\/10\/Gemini_Generated_Image_dpagjtdpagjtdpag-removebg-preview.png\" \/>\n\t<meta property=\"og:image:width\" content=\"566\" \/>\n\t<meta property=\"og:image:height\" content=\"440\" \/>\n\t<meta property=\"og:image:type\" content=\"image\/png\" \/>\n<meta name=\"twitter:card\" content=\"summary_large_image\" \/>\n<meta name=\"twitter:label1\" content=\"Tiempo de lectura\" \/>\n\t<meta name=\"twitter:data1\" content=\"1 minuto\" \/>\n<script type=\"application\/ld+json\" class=\"yoast-schema-graph\">{\"@context\":\"https:\\\/\\\/schema.org\",\"@graph\":[{\"@type\":\"WebPage\",\"@id\":\"https:\\\/\\\/classicscatalans.com\\\/es\\\/nosotros\\\/\",\"url\":\"https:\\\/\\\/classicscatalans.com\\\/es\\\/nosotros\\\/\",\"name\":\"Nosotros - Classics Editors\",\"isPartOf\":{\"@id\":\"https:\\\/\\\/classicscatalans.com\\\/es\\\/#website\"},\"primaryImageOfPage\":{\"@id\":\"https:\\\/\\\/classicscatalans.com\\\/es\\\/nosotros\\\/#primaryimage\"},\"image\":{\"@id\":\"https:\\\/\\\/classicscatalans.com\\\/es\\\/nosotros\\\/#primaryimage\"},\"thumbnailUrl\":\"https:\\\/\\\/classicscatalans.com\\\/wp-content\\\/uploads\\\/2025\\\/10\\\/Gemini_Generated_Image_dpagjtdpagjtdpag-removebg-preview.png\",\"datePublished\":\"2024-09-11T11:20:07+00:00\",\"dateModified\":\"2025-12-16T22:47:29+00:00\",\"breadcrumb\":{\"@id\":\"https:\\\/\\\/classicscatalans.com\\\/es\\\/nosotros\\\/#breadcrumb\"},\"inLanguage\":\"es\",\"potentialAction\":[{\"@type\":\"ReadAction\",\"target\":[\"https:\\\/\\\/classicscatalans.com\\\/es\\\/nosotros\\\/\"]}]},{\"@type\":\"ImageObject\",\"inLanguage\":\"es\",\"@id\":\"https:\\\/\\\/classicscatalans.com\\\/es\\\/nosotros\\\/#primaryimage\",\"url\":\"https:\\\/\\\/classicscatalans.com\\\/wp-content\\\/uploads\\\/2025\\\/10\\\/Gemini_Generated_Image_dpagjtdpagjtdpag-removebg-preview.png\",\"contentUrl\":\"https:\\\/\\\/classicscatalans.com\\\/wp-content\\\/uploads\\\/2025\\\/10\\\/Gemini_Generated_Image_dpagjtdpagjtdpag-removebg-preview.png\"},{\"@type\":\"BreadcrumbList\",\"@id\":\"https:\\\/\\\/classicscatalans.com\\\/es\\\/nosotros\\\/#breadcrumb\",\"itemListElement\":[{\"@type\":\"ListItem\",\"position\":1,\"name\":\"Home\",\"item\":\"https:\\\/\\\/classicscatalans.com\\\/es\\\/inicio\\\/\"},{\"@type\":\"ListItem\",\"position\":2,\"name\":\"Nosotros\"}]},{\"@type\":\"WebSite\",\"@id\":\"https:\\\/\\\/classicscatalans.com\\\/es\\\/#website\",\"url\":\"https:\\\/\\\/classicscatalans.com\\\/es\\\/\",\"name\":\"Classics Editors\",\"description\":\"\",\"publisher\":{\"@id\":\"https:\\\/\\\/classicscatalans.com\\\/es\\\/#organization\"},\"alternateName\":\"Classics Editors\",\"potentialAction\":[{\"@type\":\"SearchAction\",\"target\":{\"@type\":\"EntryPoint\",\"urlTemplate\":\"https:\\\/\\\/classicscatalans.com\\\/es\\\/?s={search_term_string}\"},\"query-input\":{\"@type\":\"PropertyValueSpecification\",\"valueRequired\":true,\"valueName\":\"search_term_string\"}}],\"inLanguage\":\"es\"},{\"@type\":\"Organization\",\"@id\":\"https:\\\/\\\/classicscatalans.com\\\/es\\\/#organization\",\"name\":\"Farru Barber Shop\",\"alternateName\":\"Farru Barber Shop\",\"url\":\"https:\\\/\\\/classicscatalans.com\\\/es\\\/\",\"logo\":{\"@type\":\"ImageObject\",\"inLanguage\":\"es\",\"@id\":\"https:\\\/\\\/classicscatalans.com\\\/es\\\/#\\\/schema\\\/logo\\\/image\\\/\",\"url\":\"\",\"contentUrl\":\"\",\"caption\":\"Farru Barber Shop\"},\"image\":{\"@id\":\"https:\\\/\\\/classicscatalans.com\\\/es\\\/#\\\/schema\\\/logo\\\/image\\\/\"},\"sameAs\":[\"https:\\\/\\\/www.instagram.com\\\/b_ink_tattoo_studio\"]}]}<\/script>\n<!-- \/ Yoast SEO plugin. -->","yoast_head_json":{"title":"Nosotros - Classics Editors","robots":{"index":"index","follow":"follow","max-snippet":"max-snippet:-1","max-image-preview":"max-image-preview:large","max-video-preview":"max-video-preview:-1"},"canonical":"https:\/\/classicscatalans.com\/es\/nosotros\/","og_locale":"es_ES","og_type":"article","og_title":"Nosotros - Classics Editors","og_description":"Classics Editors La editorial que transforma la literatura catalana Descubre nuestros libros Sobre Nosotros Classics Editors es una editorial dedicada a la producci\u00f3n integral de libros, que abarca desde el dise\u00f1o y la elaboraci\u00f3n hasta la distribuci\u00f3n de obras en formato f\u00edsico. Desde nuestra fundaci\u00f3n hace un a\u00f1o, hemos trabajado con el objetivo de preservar [&hellip;]","og_url":"https:\/\/classicscatalans.com\/es\/nosotros\/","og_site_name":"Classics Editors","article_modified_time":"2025-12-16T22:47:29+00:00","og_image":[{"width":566,"height":440,"url":"https:\/\/classicscatalans.com\/wp-content\/uploads\/2025\/10\/Gemini_Generated_Image_dpagjtdpagjtdpag-removebg-preview.png","type":"image\/png"}],"twitter_card":"summary_large_image","twitter_misc":{"Tiempo de lectura":"1 minuto"},"schema":{"@context":"https:\/\/schema.org","@graph":[{"@type":"WebPage","@id":"https:\/\/classicscatalans.com\/es\/nosotros\/","url":"https:\/\/classicscatalans.com\/es\/nosotros\/","name":"Nosotros - Classics Editors","isPartOf":{"@id":"https:\/\/classicscatalans.com\/es\/#website"},"primaryImageOfPage":{"@id":"https:\/\/classicscatalans.com\/es\/nosotros\/#primaryimage"},"image":{"@id":"https:\/\/classicscatalans.com\/es\/nosotros\/#primaryimage"},"thumbnailUrl":"https:\/\/classicscatalans.com\/wp-content\/uploads\/2025\/10\/Gemini_Generated_Image_dpagjtdpagjtdpag-removebg-preview.png","datePublished":"2024-09-11T11:20:07+00:00","dateModified":"2025-12-16T22:47:29+00:00","breadcrumb":{"@id":"https:\/\/classicscatalans.com\/es\/nosotros\/#breadcrumb"},"inLanguage":"es","potentialAction":[{"@type":"ReadAction","target":["https:\/\/classicscatalans.com\/es\/nosotros\/"]}]},{"@type":"ImageObject","inLanguage":"es","@id":"https:\/\/classicscatalans.com\/es\/nosotros\/#primaryimage","url":"https:\/\/classicscatalans.com\/wp-content\/uploads\/2025\/10\/Gemini_Generated_Image_dpagjtdpagjtdpag-removebg-preview.png","contentUrl":"https:\/\/classicscatalans.com\/wp-content\/uploads\/2025\/10\/Gemini_Generated_Image_dpagjtdpagjtdpag-removebg-preview.png"},{"@type":"BreadcrumbList","@id":"https:\/\/classicscatalans.com\/es\/nosotros\/#breadcrumb","itemListElement":[{"@type":"ListItem","position":1,"name":"Home","item":"https:\/\/classicscatalans.com\/es\/inicio\/"},{"@type":"ListItem","position":2,"name":"Nosotros"}]},{"@type":"WebSite","@id":"https:\/\/classicscatalans.com\/es\/#website","url":"https:\/\/classicscatalans.com\/es\/","name":"Classics Editors","description":"","publisher":{"@id":"https:\/\/classicscatalans.com\/es\/#organization"},"alternateName":"Classics Editors","potentialAction":[{"@type":"SearchAction","target":{"@type":"EntryPoint","urlTemplate":"https:\/\/classicscatalans.com\/es\/?s={search_term_string}"},"query-input":{"@type":"PropertyValueSpecification","valueRequired":true,"valueName":"search_term_string"}}],"inLanguage":"es"},{"@type":"Organization","@id":"https:\/\/classicscatalans.com\/es\/#organization","name":"Farru Barber Shop","alternateName":"Farru Barber Shop","url":"https:\/\/classicscatalans.com\/es\/","logo":{"@type":"ImageObject","inLanguage":"es","@id":"https:\/\/classicscatalans.com\/es\/#\/schema\/logo\/image\/","url":"","contentUrl":"","caption":"Farru Barber Shop"},"image":{"@id":"https:\/\/classicscatalans.com\/es\/#\/schema\/logo\/image\/"},"sameAs":["https:\/\/www.instagram.com\/b_ink_tattoo_studio"]}]}},"_links":{"self":[{"href":"https:\/\/classicscatalans.com\/es\/wp-json\/wp\/v2\/pages\/101","targetHints":{"allow":["GET"]}}],"collection":[{"href":"https:\/\/classicscatalans.com\/es\/wp-json\/wp\/v2\/pages"}],"about":[{"href":"https:\/\/classicscatalans.com\/es\/wp-json\/wp\/v2\/types\/page"}],"author":[{"embeddable":true,"href":"https:\/\/classicscatalans.com\/es\/wp-json\/wp\/v2\/users\/14"}],"replies":[{"embeddable":true,"href":"https:\/\/classicscatalans.com\/es\/wp-json\/wp\/v2\/comments?post=101"}],"version-history":[{"count":10,"href":"https:\/\/classicscatalans.com\/es\/wp-json\/wp\/v2\/pages\/101\/revisions"}],"predecessor-version":[{"id":3362,"href":"https:\/\/classicscatalans.com\/es\/wp-json\/wp\/v2\/pages\/101\/revisions\/3362"}],"wp:attachment":[{"href":"https:\/\/classicscatalans.com\/es\/wp-json\/wp\/v2\/media?parent=101"}],"curies":[{"name":"wp","href":"https:\/\/api.w.org\/{rel}","templated":true}]}}